{"id":138,"date":"2026-02-10T13:14:11","date_gmt":"2026-02-10T13:14:11","guid":{"rendered":"https:\/\/sophie.leveque.mmi-velizy.fr\/wp\/?page_id=138"},"modified":"2026-02-10T13:31:19","modified_gmt":"2026-02-10T13:31:19","slug":"actu-test","status":"publish","type":"page","link":"https:\/\/sophie.leveque.mmi-velizy.fr\/wp\/actu-test\/","title":{"rendered":"Page Actualit\u00e9s Cin\u00e9 &amp; S\u00e9ries"},"content":{"rendered":"\n<p class=\"has-contrast-color has-text-color has-link-color has-x-large-font-size wp-elements-55cb4294906e2357f147ef59d237f09d\">D\u00e9couvrez les s\u00e9ries et films incontournables.<\/p>\n\n\n\n<div class=\"wp-block-query is-layout-flow wp-block-query-is-layout-flow\">\n<div class=\"wp-block-query is-layout-flow wp-block-query-is-layout-flow\"><ul class=\"wp-block-post-template is-layout-flow wp-block-post-template-is-layout-flow\"><li class=\"wp-block-post post-131 post type-post status-publish format-standard has-post-thumbnail hentry category-film\">\n\n<div class=\"wp-block-columns alignwide is-layout-flex wp-container-core-columns-is-layout-28f84493 wp-block-columns-is-layout-flex\">\n<div class=\"wp-block-column is-layout-flow wp-block-column-is-layout-flow\" style=\"flex-basis:66.66%\"><figure class=\"wp-block-post-featured-image\"><a href=\"https:\/\/sophie.leveque.mmi-velizy.fr\/wp\/2026\/02\/10\/game-of-thrones\/\" target=\"_self\"  ><img loading=\"lazy\" decoding=\"async\" width=\"600\" height=\"600\" src=\"https:\/\/sophie.leveque.mmi-velizy.fr\/wp\/wp-content\/uploads\/2026\/02\/game-of-thrones_vjrk.600.webp\" class=\"attachment-post-thumbnail size-post-thumbnail wp-post-image\" alt=\"Game of thrones\" style=\"object-fit:cover;\" srcset=\"https:\/\/sophie.leveque.mmi-velizy.fr\/wp\/wp-content\/uploads\/2026\/02\/game-of-thrones_vjrk.600.webp 600w, https:\/\/sophie.leveque.mmi-velizy.fr\/wp\/wp-content\/uploads\/2026\/02\/game-of-thrones_vjrk.600-300x300.webp 300w, https:\/\/sophie.leveque.mmi-velizy.fr\/wp\/wp-content\/uploads\/2026\/02\/game-of-thrones_vjrk.600-150x150.webp 150w\" sizes=\"auto, (max-width: 600px) 100vw, 600px\" \/><\/a><\/figure><\/div>\n\n\n\n<div class=\"wp-block-column is-layout-flow wp-block-column-is-layout-flow\" style=\"flex-basis:33.33%\"><h2 class=\"wp-block-post-title\"><a href=\"https:\/\/sophie.leveque.mmi-velizy.fr\/wp\/2026\/02\/10\/game-of-thrones\/\" target=\"_self\" >Game of thrones<\/a><\/h2>\n\n<div class=\"wp-block-post-excerpt\"><p class=\"wp-block-post-excerpt__excerpt\"> <\/p><\/div><\/div>\n<\/div>\n\n<\/li><li class=\"wp-block-post post-125 post type-post status-publish format-standard has-post-thumbnail hentry category-series category-uncategorized\">\n\n<div class=\"wp-block-columns alignwide is-layout-flex wp-container-core-columns-is-layout-28f84493 wp-block-columns-is-layout-flex\">\n<div class=\"wp-block-column is-layout-flow wp-block-column-is-layout-flow\" style=\"flex-basis:66.66%\"><figure class=\"wp-block-post-featured-image\"><a href=\"https:\/\/sophie.leveque.mmi-velizy.fr\/wp\/2026\/02\/03\/stranger-things\/\" target=\"_self\"  ><img loading=\"lazy\" decoding=\"async\" width=\"1920\" height=\"1200\" src=\"https:\/\/sophie.leveque.mmi-velizy.fr\/wp\/wp-content\/uploads\/2026\/02\/wp11044162.jpg\" class=\"attachment-post-thumbnail size-post-thumbnail wp-post-image\" alt=\"Stranger Things\" style=\"object-fit:cover;\" srcset=\"https:\/\/sophie.leveque.mmi-velizy.fr\/wp\/wp-content\/uploads\/2026\/02\/wp11044162.jpg 1920w, https:\/\/sophie.leveque.mmi-velizy.fr\/wp\/wp-content\/uploads\/2026\/02\/wp11044162-300x188.jpg 300w, https:\/\/sophie.leveque.mmi-velizy.fr\/wp\/wp-content\/uploads\/2026\/02\/wp11044162-1024x640.jpg 1024w, https:\/\/sophie.leveque.mmi-velizy.fr\/wp\/wp-content\/uploads\/2026\/02\/wp11044162-768x480.jpg 768w, https:\/\/sophie.leveque.mmi-velizy.fr\/wp\/wp-content\/uploads\/2026\/02\/wp11044162-1536x960.jpg 1536w\" sizes=\"auto, (max-width: 1920px) 100vw, 1920px\" \/><\/a><\/figure><\/div>\n\n\n\n<div class=\"wp-block-column is-layout-flow wp-block-column-is-layout-flow\" style=\"flex-basis:33.33%\"><h2 class=\"wp-block-post-title\"><a href=\"https:\/\/sophie.leveque.mmi-velizy.fr\/wp\/2026\/02\/03\/stranger-things\/\" target=\"_self\" >Stranger Things<\/a><\/h2>\n\n<div class=\"wp-block-post-excerpt\"><p class=\"wp-block-post-excerpt__excerpt\"> <\/p><\/div><\/div>\n<\/div>\n\n<\/li><li class=\"wp-block-post post-96 post type-post status-publish format-standard has-post-thumbnail hentry category-film category-uncategorized\">\n\n<div class=\"wp-block-columns alignwide is-layout-flex wp-container-core-columns-is-layout-28f84493 wp-block-columns-is-layout-flex\">\n<div class=\"wp-block-column is-layout-flow wp-block-column-is-layout-flow\" style=\"flex-basis:66.66%\"><figure class=\"wp-block-post-featured-image\"><a href=\"https:\/\/sophie.leveque.mmi-velizy.fr\/wp\/2026\/02\/03\/roocky\/\" target=\"_self\"  ><img loading=\"lazy\" decoding=\"async\" width=\"1920\" height=\"1080\" src=\"https:\/\/sophie.leveque.mmi-velizy.fr\/wp\/wp-content\/uploads\/2026\/02\/thumb-1920-154265.jpg\" class=\"attachment-post-thumbnail size-post-thumbnail wp-post-image\" alt=\"Rocky\" style=\"object-fit:cover;\" srcset=\"https:\/\/sophie.leveque.mmi-velizy.fr\/wp\/wp-content\/uploads\/2026\/02\/thumb-1920-154265.jpg 1920w, https:\/\/sophie.leveque.mmi-velizy.fr\/wp\/wp-content\/uploads\/2026\/02\/thumb-1920-154265-300x169.jpg 300w, https:\/\/sophie.leveque.mmi-velizy.fr\/wp\/wp-content\/uploads\/2026\/02\/thumb-1920-154265-1024x576.jpg 1024w, https:\/\/sophie.leveque.mmi-velizy.fr\/wp\/wp-content\/uploads\/2026\/02\/thumb-1920-154265-768x432.jpg 768w, https:\/\/sophie.leveque.mmi-velizy.fr\/wp\/wp-content\/uploads\/2026\/02\/thumb-1920-154265-1536x864.jpg 1536w\" sizes=\"auto, (max-width: 1920px) 100vw, 1920px\" \/><\/a><\/figure><\/div>\n\n\n\n<div class=\"wp-block-column is-layout-flow wp-block-column-is-layout-flow\" style=\"flex-basis:33.33%\"><h2 class=\"wp-block-post-title\"><a href=\"https:\/\/sophie.leveque.mmi-velizy.fr\/wp\/2026\/02\/03\/roocky\/\" target=\"_self\" >Rocky<\/a><\/h2>\n\n<div class=\"wp-block-post-excerpt\"><p class=\"wp-block-post-excerpt__excerpt\">D\u00e9couvrez les d\u00e9tails du film Roocky <\/p><\/div><\/div>\n<\/div>\n\n<\/li><\/ul><\/div>\n<\/div>\n","protected":false},"excerpt":{"rendered":"<p>D\u00e9couvrez les s\u00e9ries et films incontournables.<\/p>\n","protected":false},"author":1,"featured_media":0,"parent":0,"menu_order":0,"comment_status":"closed","ping_status":"closed","template":"","meta":{"pagelayer_contact_templates":[],"_pagelayer_content":"","footnotes":""},"class_list":["post-138","page","type-page","status-publish","hentry"],"_links":{"self":[{"href":"https:\/\/sophie.leveque.mmi-velizy.fr\/wp\/wp-json\/wp\/v2\/pages\/138","targetHints":{"allow":["GET"]}}],"collection":[{"href":"https:\/\/sophie.leveque.mmi-velizy.fr\/wp\/wp-json\/wp\/v2\/pages"}],"about":[{"href":"https:\/\/sophie.leveque.mmi-velizy.fr\/wp\/wp-json\/wp\/v2\/types\/page"}],"author":[{"embeddable":true,"href":"https:\/\/sophie.leveque.mmi-velizy.fr\/wp\/wp-json\/wp\/v2\/users\/1"}],"replies":[{"embeddable":true,"href":"https:\/\/sophie.leveque.mmi-velizy.fr\/wp\/wp-json\/wp\/v2\/comments?post=138"}],"version-history":[{"count":5,"href":"https:\/\/sophie.leveque.mmi-velizy.fr\/wp\/wp-json\/wp\/v2\/pages\/138\/revisions"}],"predecessor-version":[{"id":147,"href":"https:\/\/sophie.leveque.mmi-velizy.fr\/wp\/wp-json\/wp\/v2\/pages\/138\/revisions\/147"}],"wp:attachment":[{"href":"https:\/\/sophie.leveque.mmi-velizy.fr\/wp\/wp-json\/wp\/v2\/media?parent=138"}],"curies":[{"name":"wp","href":"https:\/\/api.w.org\/{rel}","templated":true}]}}